{"id":3,"date":"2023-02-07T15:53:52","date_gmt":"2023-02-07T14:53:52","guid":{"rendered":"https:\/\/invest.univ-tlse3.fr\/?page_id=3"},"modified":"2023-10-10T14:52:05","modified_gmt":"2023-10-10T12:52:05","slug":"politique-de-confidentialite-2","status":"publish","type":"page","link":"https:\/\/invest.univ-tlse3.fr\/?page_id=3","title":{"rendered":"Mentions l\u00e9gales"},"content":{"rendered":"\n<p><br>Vous vous trouvez actuellement sur le site Internet invest.univ-tlse3.fr (ci-apr\u00e8s le \u00ab Site \u00bb) \u00e9dit\u00e9 par :<\/p>\n\n\n\n<p><br>Le Centre de Recherche Cerveau &amp; Cognition (CNRS-UT3)<br>Place du Dr Baylac<br>31059 Toulouse \u2013 France<br>T\u00e9l\u00e9phone : +33 5 62 74 61 57<br><br><strong>Directrice de la publication<\/strong><br>Isabelle Berry<br><strong>Responsable de la r\u00e9daction<\/strong><br>Sarah Marchand (Doctorante CerCo, CNRS\/UT3)<br><br><strong>Protection des informations nominatives<\/strong><br>Conform\u00e9ment \u00e0 la loi n\u00b0 78-17 du 6 janvier 1978, relative \u00e0 l\u2019Informatique, aux fichiers et aux Libert\u00e9s (articles 38, 39, 40), vous disposez d\u2019un droit d\u2019acc\u00e8s, de rectification et de suppression des donn\u00e9es vous concernant, en ligne sur ce site.<br><br>Pour exercer ce droit, vous pouvez vous adresser au webmestre: <a rel=\"noreferrer noopener\" href=\"mailto:sic.com@cerco.cnrs.fr\" target=\"_blank\">sic.com@cerco.cnrs.fr<\/a>.<br><br><strong>Propri\u00e9t\u00e9 intellectuelle<\/strong><br>Les contenus, les textes, y compris les vid\u00e9os, les marques, les logos et les images qui apparaissent ou sont disponibles sur le Site, sont prot\u00e9g\u00e9s par le droit de la propri\u00e9t\u00e9 intellectuelle.<br>\u00c0 ce titre, vous vous engagez \u00e0 ne pas utiliser, extraire, copier, traduire, reproduire, vendre, publier, exploiter et diffuser des contenus du Site prot\u00e9g\u00e9s par le droit de la propri\u00e9t\u00e9 intellectuelle, sans autorisation pr\u00e9alable et \u00e9crite du CNRS.<br>Le sigle \u00ab CNRS \u00bb, la mention \u00ab Centre National de la Recherche Scientifique \u00bb et le logo du CNRS sont d\u00e9pos\u00e9s \u00e0 titre de marque. Dans ce cadre, il est interdit de faire r\u00e9f\u00e9rence aux d\u00e9nominations sociales ou aux marques du CNRS, \u00e0 quelque fin que ce soit, sans autorisation pr\u00e9alable, expresse et \u00e9crite du CNRS.<br>Dans le m\u00eame sens, il est interdit d\u2019utiliser le nom ou le logo d\u2019un Laboratoire sans l\u2019autorisation pr\u00e9alable et \u00e9crite des cotutelles de ce Laboratoire.<br><br><strong>Liens hypertextes<\/strong><br>La reproduction d\u2019un lien de ce Site vers un site \u00e9dit\u00e9 par un tiers ne constitue en aucun cas une validation de ce site ou de son contenu de la part du CNRS.<br>Le CNRS ne saurait \u00eatre tenu responsable des contenus produits sur un site \u00e9dit\u00e9 par un tiers vers lesquels des liens sont \u00e9tablis, ou de toute autre information publi\u00e9e sur ce site, ainsi que des cons\u00e9quences de leur utilisation.<br>La mise en place de liens hypertextes par des tiers vers des pages ou des documents diffus\u00e9s sur le site du CNRS est autoris\u00e9e sous r\u00e9serve que les liens ne contreviennent pas aux int\u00e9r\u00eats du CNRS et qu\u2019ils garantissent la possibilit\u00e9 pour l\u2019utilisateur d\u2019identifier l\u2019origine et l\u2019auteur du document. Il est pr\u00e9cis\u00e9 que la mise en place de tels liens hypertextes \u00e0 des fins de promotion commerciale des produits ou services propos\u00e9s par un tiers est interdite<br><br><strong>Responsabilit\u00e9<\/strong><br>Le CNRS ne saurait \u00eatre tenu responsable des dommages r\u00e9sultant de l\u2019interpr\u00e9tation ou de l\u2019utilisation des contenus disponibles sur ce Site. La responsabilit\u00e9 du Centre de Recherche Cerveau &amp; Cognition \u2013 UMR5549 ne peut, en aucune mani\u00e8re, \u00eatre engag\u00e9e quant au contenu des informations figurant sur ce site ou aux cons\u00e9quences pouvant r\u00e9sulter de leur utilisation ou interpr\u00e9tation.<br><strong><br>Signalement de contenus illicites<\/strong><br>Si vous estimez qu\u2019un contenu est illicite au sens de l\u2019art. 6-I de la loi n\u00b0 2004-575 du 21 juin 2004 pour la confiance dans l\u2019\u00e9conomie num\u00e9rique, vous pouvez le porter \u00e0 la connaissance de l\u2019h\u00e9bergeur au webmestre: <a rel=\"noreferrer noopener\" href=\"mailto:sic.com@cerco.cnrs.fr\" target=\"_blank\">sic.com@cerco.cnrs.fr<\/a>.<\/p>\n","protected":false},"excerpt":{"rendered":"<p>Vous vous trouvez actuellement sur le site Internet invest.univ-tlse3.fr (ci-apr\u00e8s le \u00ab Site \u00bb) \u00e9dit\u00e9 par : Le Centre de Recherche Cerveau &amp; Cognition (CNRS-UT3)Place du Dr Baylac31059 Toulouse \u2013 FranceT\u00e9l\u00e9phone : +33 5 62 74 61 57 Directrice de la publicationIsabelle BerryResponsable de la r\u00e9dactionSarah Marchand (Doctorante CerCo, CNRS\/UT3) Protection des informations nominativesConform\u00e9ment \u00e0 &hellip; <\/p>\n<p class=\"link-more\"><a href=\"https:\/\/invest.univ-tlse3.fr\/?page_id=3\" class=\"more-link\">Read more<span class=\"screen-reader-text\"> &#8220;Mentions l\u00e9gales&#8221;<\/span><\/a><\/p>\n","protected":false},"author":1,"featured_media":0,"parent":0,"menu_order":0,"comment_status":"closed","ping_status":"open","template":"","meta":{"_eb_attr":"","footnotes":""},"class_list":["post-3","page","type-page","status-publish","hentry"],"_links":{"self":[{"href":"https:\/\/invest.univ-tlse3.fr\/index.php?rest_route=\/wp\/v2\/pages\/3","targetHints":{"allow":["GET"]}}],"collection":[{"href":"https:\/\/invest.univ-tlse3.fr\/index.php?rest_route=\/wp\/v2\/pages"}],"about":[{"href":"https:\/\/invest.univ-tlse3.fr\/index.php?rest_route=\/wp\/v2\/types\/page"}],"author":[{"embeddable":true,"href":"https:\/\/invest.univ-tlse3.fr\/index.php?rest_route=\/wp\/v2\/users\/1"}],"replies":[{"embeddable":true,"href":"https:\/\/invest.univ-tlse3.fr\/index.php?rest_route=%2Fwp%2Fv2%2Fcomments&post=3"}],"version-history":[{"count":3,"href":"https:\/\/invest.univ-tlse3.fr\/index.php?rest_route=\/wp\/v2\/pages\/3\/revisions"}],"predecessor-version":[{"id":268,"href":"https:\/\/invest.univ-tlse3.fr\/index.php?rest_route=\/wp\/v2\/pages\/3\/revisions\/268"}],"wp:attachment":[{"href":"https:\/\/invest.univ-tlse3.fr\/index.php?rest_route=%2Fwp%2Fv2%2Fmedia&parent=3"}],"curies":[{"name":"wp","href":"https:\/\/api.w.org\/{rel}","templated":true}]}}